{"id":417,"date":"2024-01-04T16:17:51","date_gmt":"2024-01-04T16:17:51","guid":{"rendered":"https:\/\/focsani.administrare-parcari.ro\/?page_id=417"},"modified":"2024-01-04T16:22:15","modified_gmt":"2024-01-04T16:22:15","slug":"termeni-si-conditii-2","status":"publish","type":"page","link":"https:\/\/focsani.administrare-parcari.ro\/?page_id=417","title":{"rendered":"Termeni si conditii"},"content":{"rendered":"\n<p>1. Bine at\u0326i venit pe platforma \u201e Administrare Parc\u0103ri online\u201d ce se g\u0103se\u0219te pe site-ul Direc\u021biei de Dezvoltare Servicii Publice Foc\u0219ani (https:\/\/ddspfocsani.ro), la adresa: https:\/\/focsani.administrare-parcari.ro. Accesarea platformei online a acestui site, precum \u0219i utilizarea serviciilor prestate prin intermediul site-ului au loc ulterior informa\u0306rii dumneavoastra\u0306 cu privire la existent\u0326a termenilor s\u0326i condit\u0326iilor enumerate mai jos (\u201e<strong>Termenii<\/strong>\u201d) s\u0326i, i\u0302n cazul accesa\u0306rii Platformei, acorda\u0306rii posibilita\u0306t\u0326ii de a-i accepta i\u0302n mod expres. I\u0302n lipsa acestui accept, explicit sau implicit, din partea dumneavoastra\u0306, nu putet\u0326i utiliza platforma \u201e Administrare Parc\u0103ri online\u201d.<\/p>\n\n\n\n<p>Platforma \u201dAdministrare Parc\u0103ri online\u201d este un produs software, dezvoltat \u0219i \u00eentre\u021binut pentru Direc\u021bia de Dezvoltare Servicii Publice Focsani.<\/p>\n\n\n\n<p>Sec\u021biunea <strong>Termeni \u0219i Condi\u021bii<\/strong>&nbsp;are <strong>scopul<\/strong>&nbsp;de a informa utilizatorii cu privire la produsele \/ serviciile <strong>gazduite<\/strong>&nbsp;de acest site, dar \u0219i de a proteja interesele Direc\u021biei de Dezvoltare Servicii Publice Focsani (\u00een calitate de furnizor) de eventuale utiliz\u0103ri necorespunz\u0103toare \/ abuzive ale site-ului.<\/p>\n\n\n\n<p>Prezentul acord legal dintre dumneavoastr\u0103 \u0219i Direc\u021bia de Dezvoltare Servicii Publice Focsani are \u00een vedere utilizarea de c\u0103tre dumneavoastr\u0103 a platformei online, precum \u0219i a serviciilor aferente. Pute\u021bi utiliza Platforma numai \u00een conformitate cu acesti Termeni \u0219i condi\u021bii.<\/p>\n\n\n\n<p><strong>2. Utilizarea \u0219i func\u021bionarea platformei de parc\u0103ri<\/strong><strong><\/strong><\/p>\n\n\n\n<p>2.1 Direc\u021bia de Dezvoltare Servicii Publice Focsani ofera\u0306 Utilizatorului, acces la Platforma<\/p>\n\n\n\n<p>\u201eAdministrare Parc\u0103ri online\u201d prin intermediul ca\u0306reia acesta poate solicita un loc de parcare de re\u0219edin\u021b\u0103, actualizarea sau modificarea contractului de \u00eenchiriere loc parcare de re\u0219edin\u021b\u0103.<\/p>\n\n\n\n<p>2.2 Platforma \u201eAdministrare Parc\u0103ri online\u201d nu este destinat\u0103 utiliz\u0103rii de c\u0103tre persoanele sub 18 ani.<\/p>\n\n\n\n<p><strong>Prin folosirea acestei aplica\u021bii, declara\u021bi c\u0103 ave\u021bi cel pu\u021bin 18 ani \u00eemplini\u021bi<\/strong>.<\/p>\n\n\n\n<p>2.3 Serviciile furnizate prin intermediul \u201e Administrare Parc\u0103ri online\u201d se adreseaza\u0306 doar Utilizatorilor care accepta\u0306 aces\u0326ti Termeni s\u0326i pot fi folosite doar ulterior accepta\u0306rii acestor termeni.<\/p>\n\n\n\n<p>&nbsp;I\u0302n ma\u0306sura i\u0302n care este necesar, conform prevederilor legale sau cerint\u0326elor unei autorita\u0306t\u0326i, precum s\u0326i i\u0302n baza unor suspiciuni de frauda\u0306 ori afectare a sistemelor acesteia, Direc\u021bia de Dezvoltare Servicii Publice Focsani poate solicita unui Utilizator sa\u0306 dovedeasca\u0306 legitimitatea calita\u0306t\u0326ii sale de Utilizator, prin solicitarea furniza\u0306rii unor informat\u0326ii sau documente suplimentare.<\/p>\n\n\n\n<p>I\u0302n aceasta\u0306 situat\u0326ie, Direc\u021bia de Dezvoltare Servicii Publice Focsani nu va prelucra Datele cu Caracter Personal existente i\u0302n cadrul informat\u0326iilor\/documentelor suplimentare oferite deca\u0302t i\u0302n scopul dovedirii legitimita\u0306t\u0326ii calita\u0306t\u0326ii de Utilizator.<\/p>\n\n\n\n<p>2.4. Prin intermediul platformei \u201e Administrare Parc\u0103ri online\u201d, Direc\u021bia de Dezvoltare Servicii Publice Focsani ofera\u0306 acces utilizatorilor la urma\u0306toarele servicii:<\/p>\n\n\n\n<p>1. Solicitarea \u00een vederea atribuirii unui loc de parcare;<\/p>\n\n\n\n<p>2. Actualizarea sau modificarea unui contract de \u00eenchiriere loc parcare de re\u0219edin\u021b\u0103.<\/p>\n\n\n\n<p>2.5. Pentru ca un Utilizator sa\u0306 poata\u0306 beneficia, i\u0302n cele mai bune condit\u0326ii, de serviciile descrise mai sus, acesta trebuie sa\u0306 urmeze un anumit set de pas\u0326i:<\/p>\n\n\n\n<p>1. accesarea Platformei (disponibila de pe orice telefon sau computer);<\/p>\n\n\n\n<p>2. completarea unui formular cont\u0326ina\u0302nd urma\u0306toarele ca\u0302mpuri: nume, prenume, cod numeric personal, adresa de domiciliu, telefon, adresa de e-mail, date de identificare autoturism; La completarea acestui formular, Utilizatorul este obligat sa\u0306 furnizeze date actuale s\u0326i complete; i\u0302n lipsa completa\u0306rii formularului, o persoana\u0306 fizica\u0306 nu poate solicita atribuirea unui loc de parcare, actualizarea sau modificarea contractului de \u00eenchiriere loc parcare de resedinta;<\/p>\n\n\n\n<p>3. i\u0302n cadrul procesului descris la litera b), acceptarea Termenilor s\u0326i confirmarea ca\u0306 a fost informat cu privire la cont\u0326inutul Politicii; aceste documente fiind accesibile i\u0302n orice moment, pentru consultare, i\u0302n cadrul platformei;<\/p>\n\n\n\n<p>2.6 Ca urmare a pas\u0326ilor indicat\u0326i mai sus, Direc\u021bia de Dezvoltare Servicii Publice Foc\u0219ani, prin intermediul Platformei, are acces s\u0326i prelucreaza\u0306 anumite informat\u0326ii existente i\u0302n conturile electronice ale solicitan\u021bilor. Accesul s\u0326i prelucrarea sunt realizate i\u0302n conformitate cu prevederile Politicii.<\/p>\n\n\n\n<p>2.7 I\u0302n cazul i\u0302n care, i\u0302n cursul utiliza\u0306rii Platformei \u201e Administrare Parc\u0103ri online\u201d, Utilizatorul observa\u0306 orice elemente care ar putea indica funct\u0326ionarea necorespunza\u0306toare a acesteia, poate semnala acest fapt institu\u021biei printr-un e-mail transmis la adresa <a href=\"mailto:serviciulparc\u0103ri@ddspfocsani.ro\"><u>serviciulparc\u0103ri@ddspfocsani.ro<\/u><\/a>.<\/p>\n\n\n\n<p>2.8 Utilizatorul poarta\u0306 i\u0302ntreaga responsabilitate pentru toate datele completate \u00een Platforma \u201e Administrare Parc\u0103ri online\u201d. I\u0302n schimb, Direc\u021bia de Dezvoltare Servicii Publice Foc\u0219ani garanteaza\u0306 ca\u0306 prelucreaza\u0306 datele introduse i\u0302n Platforma de parc\u0103ri, inclusiv datele cu caracter personal, i\u0302n conformitate cu prevederile Politicii de confidentialitate.<\/p>\n\n\n\n<p><strong>3. Modificarea termenilor <\/strong><strong><\/strong><\/p>\n\n\n\n<p>3.1. Serviciile platformei pot fi modificate \u00een timp, pe m\u0103sura ce \u00eembun\u0103t\u0103\u021bim sau ad\u0103ug\u0103m func\u021bionalit\u0103\u021bi. Astfel, termenii pot fi modificat\u0326i orica\u0302nd de ca\u0306tre Direc\u021bia de Dezvoltare Servicii Publice Foc\u0219ani. Ori de ca\u0302te ori vom face modifica\u0306ri, Utilizatorul va fi notificat i\u0302n acest sens i\u0302n momentul accesa\u0306rii Platformei s\u0326i i se va solicita acordul expres cu privire la acceptarea acestor Termeni.<\/p>\n\n\n\n<p>3.2. Utilizatorii pot accesa, i\u0302n cadrul Platformei, Termenii i\u0302n versiunea lor cea mai recenta\u0306, i\u0302n orice moment.<\/p>\n\n\n\n<p><strong>4. Activit\u0103\u021bi interzise<\/strong><strong><\/strong><\/p>\n\n\n\n<p>Nu pute\u0163i accesa sau folosi platforma online pentru nici un alt scop dec\u00e2t cel pentru care Furnizorul Direc\u021bia de Dezvoltare Servicii Publice Foc\u0219ani \u00eel face disponibil. Activit\u0103\u0163ile interzise includ, dar f\u0103r\u0103 a se limita la:<\/p>\n\n\n\n<ul class=\"wp-block-list\">\n<li>interferarea cu, \u00eentreruperea sau crearea unei sarcini excesive pentru aplica\u021bie, pentru re\u0163elele sau serviciile care au leg\u0103tur\u0103 cu aplica\u021bia;<\/li>\n<\/ul>\n\n\n\n<ul class=\"wp-block-list\">\n<li>\u00eencercarea de a-\u015fi asuma identitatea unui alt utilizator ori a unei alte persoane;<\/li>\n<\/ul>\n\n\n\n<ul class=\"wp-block-list\">\n<li>folosirea oric\u0103ror informa\u0163ii ob\u0163inute prin intermediul aplica\u021biei \u00een scopul de a h\u0103r\u0163ui, abuza sau prejudicia o alt\u0103 persoan\u0103;<\/li>\n<\/ul>\n\n\n\n<ul class=\"wp-block-list\">\n<li>descifrarea, decompilarea, dezasamblarea sau procesul de reverse engineering a oric\u0103rui tip de software care cuprinde sau \u00een orice fel care constituie o parte a aplica\u021biei;<\/li>\n<\/ul>\n\n\n\n<ul class=\"wp-block-list\">\n<li>activitate criminal\u0103 sau generatoare de prejudicii, inclusiv spamming-ul, \u00eenc\u0103lcarea drepturilor de autor, \u00eenc\u0103lcarea drepturilor asupra unui brevet sau furtul de secrete comerciale;<\/li>\n<\/ul>\n\n\n\n<ul class=\"wp-block-list\">\n<li>extragere sistematic\u0103 de date sau alt con\u0163inut din aplica\u021bie pentru a crea sau compila, direct sau indirect, o colec\u0163ie, compila\u0163ie, baz\u0103 de date sau un director, f\u0103r\u0103 acordul scris al Furnizorului;<\/li>\n<\/ul>\n\n\n\n<ul class=\"wp-block-list\">\n<li>utilizarea platformei \u00eentr-o manier\u0103 incompatibil\u0103 cu legile \u015fi regulamentele aplicabile \u00een Rom\u00e2nia \u0219i Uniunea European\u0103.<\/li>\n<\/ul>\n\n\n\n<p><strong>5. \u00centreruperea \/ Anularea serviciilor<\/strong><strong><\/strong><\/p>\n\n\n\n<p>Direc\u021bia de Dezvoltare Servicii Publice Foc\u0219ani \u00ee\u0219i rezerv\u0103 dreptul de a modifica unilateral dispozi\u021biile prezentului Acord \u00een conformitate cu legislatia rom\u00e2n\u0103 \u00een vigoare la momentul respectiv, dac\u0103 \u00eenc\u0103lca\u021bi sau dac\u0103 avem motive \u00eentemeiate s\u0103 credem ca ve\u021bi \u00eenc\u0103lca termenii \u0219i condi\u021biile noastre.<\/p>\n\n\n\n<p>Ne rezerv\u0103m dreptul de a anula sau suspenda imediat \u0219i pe termen nelimitat serviciile noastre de care beneficia\u021bi dumneavoastr\u0103, dac\u0103 \u00eenc\u0103lca\u021bi sau dac\u0103 avem motive \u00eentemeiate s\u0103 credem c\u0103 ve\u021bi \u00eencalca termenii \u0219i condi\u021biile noastre. De asemenea vom \u00eentrerupe serviciile noastre c\u0103tre dumneavoastr\u0103 dac\u0103 v\u0103 angaja\u021bi \u00eentr-o conduit\u0103 pe care noi o consider\u0103m inacceptabil\u0103.<\/p>\n\n\n\n<p>Prezentul acord va fi guvernat \u0219i interpretat conform legii rom\u00e2ne.<\/p>\n\n\n\n<p>Orice diferend ivit pe parcursul derularii prezentului Acord cu privire la \u00een\u021belesul, \u00eentinderea, executarea sau \u00eencetarea acestuia va fi solu\u021bionat pe cale amiabil\u0103, iar daca acest lucru nu este posibil, atunci litigiul va fi \u00eenaintat spre solu\u021bionare instan\u021belor judec\u0103tore\u0219ti competente.<\/p>\n\n\n\n<p><strong>6. Proprietate intelectual\u0103<\/strong><strong><\/strong><\/p>\n\n\n\n<p>Direc\u021bia de Dezvoltare Servicii Publice Foc\u0219ani este titular al tuturor drepturilor asupra cont\u0326inutului Platformei (incluza\u0302nd, fa\u0306ra\u0306 limitare, imagini, texte, ma\u0306rci comerciale, logo-uri, elemente de grafica\u0306 web, scripturi, aplicat\u0326ii s\u0326i baze de date).<\/p>\n\n\n\n<p>Este interzisa\u0306 folosirea orica\u0306ror elemente de cont\u0326inut privind Platforma, fa\u0306ra\u0306 acordul prealabil scris al Direc\u021bia de Dezvoltare Servicii Publice Foc\u0219ani.<\/p>\n\n\n\n<p><strong>7. Notific\u0103ri<\/strong><strong><\/strong><\/p>\n\n\n\n<p>7.1. Orice notificare, cerere sau comunicare adresat\u0103 de o parte celeilalte p\u0103r\u021bi va fi valabil efectuat\u0103 dac\u0103 este f\u0103cut\u0103 \u00een form\u0103 scris\u0103 \u0219i adusa la cuno\u0219tin\u021ba p\u0103r\u021bii fie prin scrisoare recomandat\u0103, fax sau po\u0219t\u0103 electronic\u0103 (e-mail). \u00cen cazul \u00een care notificarea se va face pe cale po\u0219tal\u0103, ea va fi transmis\u0103 prin scrisoare recomandat\u0103 cu confirmare de primire \u0219i se consider\u0103 primita de destinatar la data men\u021bionat\u0103 de oficiul po\u0219tal primitor pe aceast\u0103 confirmare. Daca notificarea este trimisa prin fax sau e-mail, ea se consider\u0103 primit\u0103 \u00een prima zi lucr\u0103toare care urmeaz\u0103 zilei de expediere. Notificarea verbal\u0103 \u0219i\/sau telefonic\u0103 nu este luat\u0103 \u00een considerare.<\/p>\n\n\n\n<p><strong>8. For\u021b\u0103 major\u0103<\/strong><strong><\/strong><\/p>\n\n\n\n<p>8.1. Par\u021bile nu vor fi r\u0103spunz\u0103toare pentru ne\u00eendeplinirea sau \u00eent\u00e2rzierea \u00eendeplinirii obliga\u021biilor atunci c\u00e2nd acestea sunt cauzate de orice eveniment imprevizibil care se afl\u0103 \u00een afara controlului p\u0103r\u021bii respective, care nu implic\u0103 vina sau neglijen\u021ba acesteia. Se includ, f\u0103r\u0103 limit\u0103ri: calamit\u0103\u021bi naturale, izbucnirea unor revolte civile, acte de terorism, acte ale oricarui guvern sau organe ale puterii de stat, razboaie, incendii, inunda\u021bii, epidemii, restric\u021bii impuse de carantina sau embargouri, explozii, greve (fie acestea legale sau ilegale). P\u0103r\u021bile vor depune toate eforturile rezonabile \u00een vederea ameliorarii efectului evenimentului care constituie for\u021ba major\u0103.<\/p>\n\n\n\n<p>8.2. Cazul de for\u021b\u0103 major\u0103 va fi notificat celorlalte p\u0103r\u021bi \u00een termen de maxim 3 (trei) zile de la apari\u021bia sa.<\/p>\n\n\n\n<p><strong>9. Date personale<\/strong><strong><\/strong><\/p>\n\n\n\n<p>Direc\u021bia de Dezvoltare Servicii Publice Foc\u0219ani garanteaz\u0103 c\u0103 datele personale ale utilizatorului vor fi folosite exclusiv \u00een scopul prest\u0103rii serviciilor specifice parcajelor auto de re\u0219edin\u021b\u0103, conform solicit\u0103rii utilizatorului \u0219i cu respectarea prevederilor Regulamentului UE nr. 679\/2016 \u0219i Legii nr. 190\/2018 (detalii \u00een documentul \u201ePolitica de confiden\u021bialitate\u201d).<\/p>\n","protected":false},"excerpt":{"rendered":"<p>1. Bine at\u0326i venit pe platforma \u201e Administrare Parc\u0103ri online\u201d ce se g\u0103se\u0219te pe site-ul Direc\u021biei de Dezvoltare Servicii Publice Foc\u0219ani (https:\/\/ddspfocsani.ro), la adresa: https:\/\/focsani.administrare-parcari.ro. Accesarea platformei online a acestui site, precum \u0219i utilizarea serviciilor prestate prin intermediul site-ului au&hellip;&nbsp;<a href=\"https:\/\/focsani.administrare-parcari.ro\/?page_id=417\" class=\"more-link\">Read More<\/a><\/p>\n","protected":false},"author":1,"featured_media":0,"parent":0,"menu_order":0,"comment_status":"closed","ping_status":"closed","template":"","meta":{"footnotes":""},"class_list":["post-417","page","type-page","status-publish","hentry"],"_links":{"self":[{"href":"https:\/\/focsani.administrare-parcari.ro\/index.php?rest_route=\/wp\/v2\/pages\/417","targetHints":{"allow":["GET"]}}],"collection":[{"href":"https:\/\/focsani.administrare-parcari.ro\/index.php?rest_route=\/wp\/v2\/pages"}],"about":[{"href":"https:\/\/focsani.administrare-parcari.ro\/index.php?rest_route=\/wp\/v2\/types\/page"}],"author":[{"embeddable":true,"href":"https:\/\/focsani.administrare-parcari.ro\/index.php?rest_route=\/wp\/v2\/users\/1"}],"replies":[{"embeddable":true,"href":"https:\/\/focsani.administrare-parcari.ro\/index.php?rest_route=%2Fwp%2Fv2%2Fcomments&post=417"}],"version-history":[{"count":2,"href":"https:\/\/focsani.administrare-parcari.ro\/index.php?rest_route=\/wp\/v2\/pages\/417\/revisions"}],"predecessor-version":[{"id":422,"href":"https:\/\/focsani.administrare-parcari.ro\/index.php?rest_route=\/wp\/v2\/pages\/417\/revisions\/422"}],"wp:attachment":[{"href":"https:\/\/focsani.administrare-parcari.ro\/index.php?rest_route=%2Fwp%2Fv2%2Fmedia&parent=417"}],"curies":[{"name":"wp","href":"https:\/\/api.w.org\/{rel}","templated":true}]}}